{"id":169,"date":"2023-10-25T22:00:40","date_gmt":"2023-10-25T20:00:40","guid":{"rendered":"https:\/\/poesie-montagne.pirenifoto.info\/?page_id=169"},"modified":"2023-10-25T22:03:26","modified_gmt":"2023-10-25T20:03:26","slug":"chanson-de-la-plus-haute-tour","status":"publish","type":"page","link":"https:\/\/poesie-montagne.pirenifoto.info\/index.php\/chanson-de-la-plus-haute-tour\/","title":{"rendered":"Chanson de la plus haute tour"},"content":{"rendered":"\n<p>Au milieu des montagnes, laissant pa\u00eetre ses brebis, le berger po\u00e8te prend la pause et d\u00e9clame les vers du po\u00e8te Rimbaud&#8230;<\/p>\n\n\n<div class=\"align wp-block-bpmp-mp3-player\" id='bpmpMP3Player-1' data-attributes='{&quot;cId&quot;:&quot;186a3a5c-7&quot;,&quot;audioProperties&quot;:[{&quot;title&quot;:&quot;Chanson de la plus haute tour&quot;,&quot;artist&quot;:&quot;Rimbaud&quot;,&quot;cover&quot;:{&quot;id&quot;:85,&quot;url&quot;:&quot;https:\\\/\\\/poesie-montagne.pirenifoto.info\\\/wp-content\\\/uploads\\\/2023\\\/08\\\/rotge.jpg&quot;,&quot;alt&quot;:&quot;&quot;,&quot;title&quot;:&quot;rotge&quot;},&quot;audio&quot;:{&quot;id&quot;:84,&quot;url&quot;:&quot;https:\\\/\\\/poesie-montagne.pirenifoto.info\\\/wp-content\\\/uploads\\\/2023\\\/09\\\/rimbaud2.mp3&quot;,&quot;alt&quot;:&quot;&quot;,&quot;title&quot;:&quot;rimbaud1&quot;}}],&quot;align&quot;:&quot;&quot;,&quot;lite&quot;:{&quot;btnText&quot;:&quot;See More Music&quot;,&quot;btnLessText&quot;:&quot;Show Less Music&quot;},&quot;options&quot;:{&quot;theme&quot;:&quot;default&quot;,&quot;isAutoPlay&quot;:false,&quot;isLoop&quot;:false,&quot;playlistFullHeight&quot;:false,&quot;seeMoreThreshold&quot;:5},&quot;elements&quot;:{&quot;thumb&quot;:true,&quot;navigation&quot;:true,&quot;backword&quot;:true,&quot;forward&quot;:true,&quot;customStop&quot;:true,&quot;currentTime&quot;:true,&quot;totalTime&quot;:true,&quot;volume&quot;:true,&quot;playbackSpeed&quot;:true,&quot;download&quot;:true},&quot;style&quot;:{&quot;height&quot;:{&quot;desktop&quot;:&quot;&quot;,&quot;tablet&quot;:&quot;&quot;,&quot;mobile&quot;:&quot;&quot;},&quot;title&quot;:{&quot;typo&quot;:{&quot;fontSize&quot;:{&quot;desktop&quot;:32,&quot;tablet&quot;:26,&quot;mobile&quot;:23},&quot;fontWeight&quot;:600},&quot;colors&quot;:[]},&quot;artist&quot;:{&quot;typo&quot;:{&quot;fontSize&quot;:{&quot;desktop&quot;:22.4,&quot;tablet&quot;:20,&quot;mobile&quot;:18},&quot;fontWeight&quot;:500},&quot;opacity&quot;:1,&quot;colors&quot;:{&quot;color&quot;:&quot;#000&quot;}},&quot;thumbnail&quot;:{&quot;width&quot;:{&quot;desktop&quot;:&quot;100%&quot;,&quot;tablet&quot;:&quot;&quot;,&quot;mobile&quot;:&quot;&quot;},&quot;sliderHeight&quot;:{&quot;desktop&quot;:&quot;&quot;,&quot;tablet&quot;:&quot;&quot;,&quot;mobile&quot;:&quot;&quot;},&quot;border&quot;:{&quot;width&quot;:&quot;&quot;,&quot;style&quot;:&quot;&quot;,&quot;color&quot;:&quot;&quot;},&quot;radius&quot;:{&quot;top&quot;:&quot;16px&quot;,&quot;right&quot;:&quot;16px&quot;,&quot;bottom&quot;:&quot;16px&quot;,&quot;left&quot;:&quot;16px&quot;}},&quot;range&quot;:{&quot;input&quot;:{&quot;width&quot;:{&quot;desktop&quot;:&quot;100%&quot;,&quot;tablet&quot;:&quot;100%&quot;,&quot;mobile&quot;:&quot;100%&quot;},&quot;height&quot;:&quot;4px&quot;,&quot;radius&quot;:{&quot;top&quot;:&quot;8px&quot;,&quot;right&quot;:&quot;8px&quot;,&quot;bottom&quot;:&quot;8px&quot;,&quot;left&quot;:&quot;8px&quot;},&quot;color&quot;:&quot;rgba(0, 0, 0, .2)&quot;,&quot;progressColor&quot;:&quot;#000&quot;},&quot;thumb&quot;:{&quot;width&quot;:&quot;16px&quot;,&quot;color&quot;:&quot;#EE714B&quot;,&quot;shadow&quot;:[],&quot;outline&quot;:{&quot;width&quot;:&quot;4px&quot;,&quot;style&quot;:&quot;solid&quot;,&quot;color&quot;:&quot;white&quot;},&quot;radius&quot;:&quot;50%&quot;}},&quot;controls&quot;:{&quot;size&quot;:&quot;45px&quot;,&quot;playPauseSize&quot;:&quot;60px&quot;,&quot;colors&quot;:{&quot;color&quot;:&quot;#a0a0a0&quot;,&quot;bg&quot;:&quot;#0000&quot;},&quot;hovColors&quot;:{&quot;color&quot;:&quot;#9c9c9c&quot;,&quot;bg&quot;:&quot;#d8d8d8&quot;},&quot;playPauseColors&quot;:{&quot;color&quot;:&quot;#fff&quot;,&quot;bg&quot;:&quot;#000&quot;},&quot;playPauseHovColors&quot;:{&quot;color&quot;:&quot;#fff&quot;,&quot;bg&quot;:&quot;#4c4343&quot;},&quot;border&quot;:[],&quot;hovBorder&quot;:[]},&quot;time&quot;:{&quot;typo&quot;:{&quot;fontSize&quot;:{&quot;desktop&quot;:22.4,&quot;tablet&quot;:18,&quot;mobile&quot;:15}},&quot;colors&quot;:{&quot;color&quot;:&quot;#111&quot;,&quot;bg&quot;:&quot;#0000&quot;},&quot;radius&quot;:&quot;50px&quot;},&quot;playlist&quot;:{&quot;colors&quot;:{&quot;bg&quot;:&quot;#F9F9F9&quot;,&quot;color&quot;:&quot;#111111&quot;},&quot;activeColors&quot;:{&quot;bg&quot;:&quot;#913535&quot;,&quot;color&quot;:&quot;#FFFFFF&quot;},&quot;seeMoreMusicBtncolors&quot;:{&quot;bg&quot;:&quot;#4527a4&quot;,&quot;color&quot;:&quot;#fff&quot;},&quot;border&quot;:[],&quot;radius&quot;:&quot;5px&quot;},&quot;waveColors&quot;:{&quot;normal&quot;:&quot;#4527a4&quot;,&quot;lite&quot;:&quot;#ab98e7&quot;},&quot;cardTheme&quot;:{&quot;waveTop&quot;:{&quot;desktop&quot;:-130,&quot;tablet&quot;:-130,&quot;mobile&quot;:-160},&quot;wave2Top&quot;:{&quot;desktop&quot;:-130,&quot;tablet&quot;:-130,&quot;mobile&quot;:-160},&quot;wave3Top&quot;:{&quot;desktop&quot;:-130,&quot;tablet&quot;:-130,&quot;mobile&quot;:-160}}},&quot;width&quot;:&quot;290px&quot;,&quot;widthTab&quot;:&quot;&quot;,&quot;widthMob&quot;:&quot;&quot;,&quot;alignment&quot;:&quot;center&quot;,&quot;alignmentTab&quot;:&quot;center&quot;,&quot;alignmentMob&quot;:&quot;center&quot;,&quot;advanced&quot;:{&quot;dimension&quot;:{&quot;padding&quot;:{&quot;desktop&quot;:{&quot;top&quot;:&quot;16px&quot;,&quot;right&quot;:&quot;32px&quot;,&quot;bottom&quot;:&quot;16px&quot;,&quot;left&quot;:&quot;32px&quot;},&quot;tablet&quot;:{&quot;top&quot;:&quot;&quot;,&quot;right&quot;:&quot;&quot;,&quot;bottom&quot;:&quot;&quot;,&quot;left&quot;:&quot;&quot;},&quot;mobile&quot;:{&quot;top&quot;:&quot;&quot;,&quot;right&quot;:&quot;&quot;,&quot;bottom&quot;:&quot;&quot;,&quot;left&quot;:&quot;&quot;}}},&quot;borderShadow&quot;:{&quot;normal&quot;:{&quot;border&quot;:{&quot;width&quot;:&quot;&quot;,&quot;style&quot;:&quot;&quot;,&quot;color&quot;:&quot;&quot;},&quot;radius&quot;:{&quot;top&quot;:&quot;16px&quot;,&quot;right&quot;:&quot;16px&quot;,&quot;bottom&quot;:&quot;16px&quot;,&quot;left&quot;:&quot;16px&quot;},&quot;shadow&quot;:[{&quot;hOffset&quot;:&quot;0px&quot;,&quot;vOffset&quot;:&quot;0px&quot;,&quot;blur&quot;:&quot;8px&quot;,&quot;color&quot;:&quot;rgba(0, 0, 0, .4)&quot;}]}},&quot;background&quot;:{&quot;normal&quot;:{&quot;color&quot;:&quot;&quot;}}}}'><\/div>","protected":false},"excerpt":{"rendered":"<p>Au milieu des montagnes, laissant pa\u00eetre ses brebis, le berger po\u00e8te prend la pause et d\u00e9clame les vers du po\u00e8te Rimbaud&#8230;<\/p>\n","protected":false},"author":1,"featured_media":0,"parent":0,"menu_order":0,"comment_status":"closed","ping_status":"closed","template":"","meta":{"footnotes":""},"class_list":["post-169","page","type-page","status-publish","hentry"],"_links":{"self":[{"href":"https:\/\/poesie-montagne.pirenifoto.info\/index.php\/wp-json\/wp\/v2\/pages\/169","targetHints":{"allow":["GET"]}}],"collection":[{"href":"https:\/\/poesie-montagne.pirenifoto.info\/index.php\/wp-json\/wp\/v2\/pages"}],"about":[{"href":"https:\/\/poesie-montagne.pirenifoto.info\/index.php\/wp-json\/wp\/v2\/types\/page"}],"author":[{"embeddable":true,"href":"https:\/\/poesie-montagne.pirenifoto.info\/index.php\/wp-json\/wp\/v2\/users\/1"}],"replies":[{"embeddable":true,"href":"https:\/\/poesie-montagne.pirenifoto.info\/index.php\/wp-json\/wp\/v2\/comments?post=169"}],"version-history":[{"count":4,"href":"https:\/\/poesie-montagne.pirenifoto.info\/index.php\/wp-json\/wp\/v2\/pages\/169\/revisions"}],"predecessor-version":[{"id":179,"href":"https:\/\/poesie-montagne.pirenifoto.info\/index.php\/wp-json\/wp\/v2\/pages\/169\/revisions\/179"}],"wp:attachment":[{"href":"https:\/\/poesie-montagne.pirenifoto.info\/index.php\/wp-json\/wp\/v2\/media?parent=169"}],"curies":[{"name":"wp","href":"https:\/\/api.w.org\/{rel}","templated":true}]}}